{"id":138,"date":"2022-01-17T09:17:07","date_gmt":"2022-01-17T09:17:07","guid":{"rendered":"https:\/\/yvie.persc.online\/?page_id=138"},"modified":"2022-01-27T12:51:13","modified_gmt":"2022-01-27T12:51:13","slug":"legal-notice","status":"publish","type":"page","link":"https:\/\/yvie.persc.online\/nl\/legal-notice\/","title":{"rendered":"Legal Notice"},"content":{"rendered":"<p>[et_pb_section fb_built=&#8221;1&#8243; _builder_version=&#8221;4.14.6&#8243; _module_preset=&#8221;default&#8221; global_colors_info=&#8221;{}&#8221;][et_pb_row _builder_version=&#8221;4.14.6&#8243; _module_preset=&#8221;default&#8221; global_colors_info=&#8221;{}&#8221;][et_pb_column type=&#8221;4_4&#8243; _builder_version=&#8221;4.14.6&#8243; _module_preset=&#8221;default&#8221; global_colors_info=&#8221;{}&#8221;][et_pb_text _builder_version=&#8221;4.14.6&#8243; _module_preset=&#8221;default&#8221; global_colors_info=&#8221;{}&#8221;]<\/p>\n<h1>Legal Notice<\/h1>\n<div class=\"copy\"><\/div>\n<p>[\/et_pb_text][et_pb_text _builder_version=&#8221;4.14.6&#8243; _module_preset=&#8221;default&#8221; global_colors_info=&#8221;{}&#8221;]<\/p>\n<p><strong>Union Investment Real Estate GmbH<\/strong><br \/>Valentinskamp 70 \/ EMPORIO<br \/>20355 Hamburg, Germany<br \/>Postfach 30 11 99<br \/>20304 Hamburg, Germany<br \/>Tel.: +49 40 3 49 190<br \/>Fax: +49 40 3 49 194 191<br \/>E-mail: <a href=\"mailto:service@union-investment.de\">service@union-investment.de<\/a><\/p>\n<p><strong>Management Board:<\/strong><br \/>Dr. Michael B\u00fctter (Chairman), Dr. Christoph Holzmann, Martin J. Br\u00fchl, Volker Noack<\/p>\n<p><strong>Chairman of the Supervisory Board:<\/strong><br \/>Jens Wilhelm<\/p>\n<p><strong>Regulated by:<\/strong><br \/>Bundesanstalt f\u00fcr Finanzdienstleistungsaufsicht (BAFin)<br \/>Marie-Curie-Str. 24-28<br \/>60439 Frankfurt, Germany<br \/>Tel.: +49 228 41 080<br \/>Fax: +49 228 41 08123<br \/>Internet: <a href=\"http:\/\/www.bafin.de\" target=\"_blank\" rel=\"noopener\">www.bafin.de<\/a><\/p>\n<p><strong>Register court:<\/strong><br \/>District Court of Hamburg<br \/>HRB 110793<\/p>\n<p><strong>VAT registration number:<\/strong><br \/>DE 118 513 697<\/p>\n<p>[\/et_pb_text][\/et_pb_column][\/et_pb_row][\/et_pb_section]<\/p>","protected":false},"excerpt":{"rendered":"<p>Legal Notice Union Investment Real Estate GmbHValentinskamp 70 \/ EMPORIO20355 Hamburg, GermanyPostfach 30 11 9920304 Hamburg, GermanyTel.: +49 40 3 49 190Fax: +49 40 3 49 194 191E-mail: service@union-investment.de Management Board:Dr. Michael B\u00fctter (Chairman), Dr. Christoph Holzmann, Martin J. Br\u00fchl, Volker Noack Chairman of the Supervisory Board:Jens Wilhelm Regulated by:Bundesanstalt f\u00fcr Finanzdienstleistungsaufsicht (BAFin)Marie-Curie-Str. 24-2860439 Frankfurt, [&hellip;]<\/p>","protected":false},"author":6,"featured_media":0,"parent":0,"menu_order":0,"comment_status":"closed","ping_status":"closed","template":"","meta":{"_et_pb_use_builder":"on","_et_pb_old_content":"","_et_gb_content_width":"","inline_featured_image":false},"yoast_head":"<!-- This site is optimized with the Yoast SEO plugin v20.0 - https:\/\/yoast.com\/wordpress\/plugins\/seo\/ -->\n<title>Legal Notice - Yvie<\/title>\n<meta name=\"description\" content=\"Legal Notice - Union Investment Real Estate GmbHValentinskamp 70 \/ EMPORIO20355 Hamburg, GermanyPostfach 30 11 9920304 Hamburg, Germany\" \/>\n<meta name=\"robots\" content=\"index, follow, max-snippet:-1, max-image-preview:large, max-video-preview:-1\" \/>\n<link rel=\"canonical\" href=\"https:\/\/yvie.com\/legal-notice\/\" \/>\n<meta property=\"og:locale\" content=\"nl_NL\" \/>\n<meta property=\"og:type\" content=\"article\" \/>\n<meta property=\"og:title\" content=\"Legal Notice - Yvie\" \/>\n<meta property=\"og:description\" content=\"Legal Notice - Union Investment Real Estate GmbHValentinskamp 70 \/ EMPORIO20355 Hamburg, GermanyPostfach 30 11 9920304 Hamburg, Germany\" \/>\n<meta property=\"og:url\" content=\"https:\/\/yvie.com\/legal-notice\/\" \/>\n<meta property=\"og:site_name\" content=\"Yvie\" \/>\n<meta property=\"article:modified_time\" content=\"2022-01-27T12:51:13+00:00\" \/>\n<meta name=\"twitter:card\" content=\"summary_large_image\" \/>\n<script type=\"application\/ld+json\" class=\"yoast-schema-graph\">{\"@context\":\"https:\/\/schema.org\",\"@graph\":[{\"@type\":\"WebPage\",\"@id\":\"https:\/\/yvie.com\/legal-notice\/\",\"url\":\"https:\/\/yvie.com\/legal-notice\/\",\"name\":\"Legal Notice - Yvie\",\"isPartOf\":{\"@id\":\"https:\/\/yvie.com\/#website\"},\"datePublished\":\"2022-01-17T09:17:07+00:00\",\"dateModified\":\"2022-01-27T12:51:13+00:00\",\"description\":\"Legal Notice - Union Investment Real Estate GmbHValentinskamp 70 \/ EMPORIO20355 Hamburg, GermanyPostfach 30 11 9920304 Hamburg, Germany\",\"breadcrumb\":{\"@id\":\"https:\/\/yvie.com\/legal-notice\/#breadcrumb\"},\"inLanguage\":\"nl\",\"potentialAction\":[{\"@type\":\"ReadAction\",\"target\":[\"https:\/\/yvie.com\/legal-notice\/\"]}]},{\"@type\":\"BreadcrumbList\",\"@id\":\"https:\/\/yvie.com\/legal-notice\/#breadcrumb\",\"itemListElement\":[{\"@type\":\"ListItem\",\"position\":1,\"name\":\"Home\",\"item\":\"https:\/\/yvie.persc.online\/\"},{\"@type\":\"ListItem\",\"position\":2,\"name\":\"Legal Notice\"}]},{\"@type\":\"WebSite\",\"@id\":\"https:\/\/yvie.com\/#website\",\"url\":\"https:\/\/yvie.com\/\",\"name\":\"Yvie\",\"description\":\"\",\"potentialAction\":[{\"@type\":\"SearchAction\",\"target\":{\"@type\":\"EntryPoint\",\"urlTemplate\":\"https:\/\/yvie.com\/?s={search_term_string}\"},\"query-input\":\"required name=search_term_string\"}],\"inLanguage\":\"nl\"}]}<\/script>\n<!-- \/ Yoast SEO plugin. -->","yoast_head_json":{"title":"Legal Notice - Yvie","description":"Legal Notice - Union Investment Real Estate GmbHValentinskamp 70 \/ EMPORIO20355 Hamburg, GermanyPostfach 30 11 9920304 Hamburg, Germany","robots":{"index":"index","follow":"follow","max-snippet":"max-snippet:-1","max-image-preview":"max-image-preview:large","max-video-preview":"max-video-preview:-1"},"canonical":"https:\/\/yvie.com\/legal-notice\/","og_locale":"nl_NL","og_type":"article","og_title":"Legal Notice - Yvie","og_description":"Legal Notice - Union Investment Real Estate GmbHValentinskamp 70 \/ EMPORIO20355 Hamburg, GermanyPostfach 30 11 9920304 Hamburg, Germany","og_url":"https:\/\/yvie.com\/legal-notice\/","og_site_name":"Yvie","article_modified_time":"2022-01-27T12:51:13+00:00","twitter_card":"summary_large_image","schema":{"@context":"https:\/\/schema.org","@graph":[{"@type":"WebPage","@id":"https:\/\/yvie.com\/legal-notice\/","url":"https:\/\/yvie.com\/legal-notice\/","name":"Legal Notice - Yvie","isPartOf":{"@id":"https:\/\/yvie.com\/#website"},"datePublished":"2022-01-17T09:17:07+00:00","dateModified":"2022-01-27T12:51:13+00:00","description":"Legal Notice - Union Investment Real Estate GmbHValentinskamp 70 \/ EMPORIO20355 Hamburg, GermanyPostfach 30 11 9920304 Hamburg, Germany","breadcrumb":{"@id":"https:\/\/yvie.com\/legal-notice\/#breadcrumb"},"inLanguage":"nl","potentialAction":[{"@type":"ReadAction","target":["https:\/\/yvie.com\/legal-notice\/"]}]},{"@type":"BreadcrumbList","@id":"https:\/\/yvie.com\/legal-notice\/#breadcrumb","itemListElement":[{"@type":"ListItem","position":1,"name":"Home","item":"https:\/\/yvie.persc.online\/"},{"@type":"ListItem","position":2,"name":"Legal Notice"}]},{"@type":"WebSite","@id":"https:\/\/yvie.com\/#website","url":"https:\/\/yvie.com\/","name":"Yvie","description":"","potentialAction":[{"@type":"SearchAction","target":{"@type":"EntryPoint","urlTemplate":"https:\/\/yvie.com\/?s={search_term_string}"},"query-input":"required name=search_term_string"}],"inLanguage":"nl"}]}},"_links":{"self":[{"href":"https:\/\/yvie.persc.online\/nl\/wp-json\/wp\/v2\/pages\/138"}],"collection":[{"href":"https:\/\/yvie.persc.online\/nl\/wp-json\/wp\/v2\/pages"}],"about":[{"href":"https:\/\/yvie.persc.online\/nl\/wp-json\/wp\/v2\/types\/page"}],"author":[{"embeddable":true,"href":"https:\/\/yvie.persc.online\/nl\/wp-json\/wp\/v2\/users\/6"}],"replies":[{"embeddable":true,"href":"https:\/\/yvie.persc.online\/nl\/wp-json\/wp\/v2\/comments?post=138"}],"version-history":[{"count":4,"href":"https:\/\/yvie.persc.online\/nl\/wp-json\/wp\/v2\/pages\/138\/revisions"}],"predecessor-version":[{"id":445,"href":"https:\/\/yvie.persc.online\/nl\/wp-json\/wp\/v2\/pages\/138\/revisions\/445"}],"wp:attachment":[{"href":"https:\/\/yvie.persc.online\/nl\/wp-json\/wp\/v2\/media?parent=138"}],"curies":[{"name":"wp","href":"https:\/\/api.w.org\/{rel}","templated":true}]}}